{"id":371,"date":"2024-04-03T17:15:33","date_gmt":"2024-04-03T15:15:33","guid":{"rendered":"https:\/\/digilumin.com\/?page_id=371"},"modified":"2025-10-29T15:57:34","modified_gmt":"2025-10-29T14:57:34","slug":"about-us","status":"publish","type":"page","link":"https:\/\/digilumin.com\/de\/about-us\/","title":{"rendered":"\u00dcBER UNS"},"content":{"rendered":"<div class=\"wp-block-cover\"><img loading=\"lazy\" decoding=\"async\" width=\"2560\" height=\"1710\" class=\"wp-block-cover__image-background wp-image-323\" alt=\"Digilumin - About Us\" src=\"https:\/\/digilumin.com\/wp-content\/uploads\/2024\/03\/joshua-sortino-LqKhnDzSF-8-unsplash-scaled.jpg\" data-object-fit=\"cover\" srcset=\"https:\/\/digilumin.com\/wp-content\/uploads\/2024\/03\/joshua-sortino-LqKhnDzSF-8-unsplash-scaled.jpg 2560w, https:\/\/digilumin.com\/wp-content\/uploads\/2024\/03\/joshua-sortino-LqKhnDzSF-8-unsplash-300x200.jpg 300w\" sizes=\"auto, (max-width: 2560px) 100vw, 2560px\" \/><span aria-hidden=\"true\" class=\"wp-block-cover__background has-background-dim\" style=\"background-color:#785d44\"><\/span><div class=\"wp-block-cover__inner-container is-layout-constrained wp-block-cover-is-layout-constrained\">\n<p class=\"has-text-align-center has-large-font-size\"><\/p>\n<\/div><\/div>\n\n\n\n<figure class=\"wp-block-pullquote has-normal-font-size\" style=\"font-style:normal;font-weight:400\"><blockquote><p>WILLKOMMEN BEI DIGILUMIN, WO EXPERTISE AUF ZUSAMMENARBEIT TRIFFT, UM IHREN WEG ZUM DIGITALEN ERFOLG ZU BELEUCHTEN<br><br> Digilumin wurde von einem Absolventen der Universit\u00e4t Oxford mit \u00fcber zehn Jahren Erfahrung in der Welt des Online-Marketings gegr\u00fcndet und ist mehr als nur eine digitale Marketingagentur \u2013 es ist ein Netzwerk talentierter Menschen, die die Leidenschaft teilen, au\u00dfergew\u00f6hnliche Ergebnisse zu liefern.<br><br>Wir bei Digilumin glauben an die Kraft von Teamarbeit und Zusammenarbeit. W\u00e4hrend Felix unser Team leitet und unsere strategische Ausrichtung bestimmt, arbeiten wir auch mit einer ausgew\u00e4hlten Gruppe von Branchenexperten und Spezialisten zusammen, um unseren Kunden ein H\u00f6chstma\u00df an Fachwissen und Innovation zu bieten.<br><br>Von SEO-Experten und Content-Erstellern bis hin zu innovativen UX-Designern und E-Mail-Marketing-Experten \u2013 unser Team und unser Expertennetzwerk arbeiten nahtlos zusammen, um umfassende L\u00f6sungen zu liefern, die die individuellen Bed\u00fcrfnisse unserer Kunden erf\u00fcllen und ihre Erwartungen \u00fcbertreffen. Ob es um die Optimierung Ihrer Website f\u00fcr Suchmaschinen, die Erstellung \u00fcberzeugender Inhalte f\u00fcr Ihre Zielgruppe oder die Gestaltung intuitiver, kundenorientierter Benutzererlebnisse geht \u2013 Digilumin verf\u00fcgt \u00fcber das Know-how und den Teamgeist, um den Weg zu digitalem Erfolg zu ebnen.<br><br>Egal, ob Sie ein Startup sind, das sich einen Namen machen m\u00f6chte, oder ein etabliertes Unternehmen, das seine Online-Sichtbarkeit steigern m\u00f6chte, schlie\u00dfen Sie sich mit Digilumin zusammen und lassen Sie uns den Weg zu Ihrem digitalen Erfolg beleuchten.<\/p><\/blockquote><\/figure>\n\n\n\n<div class=\"wp-block-media-text is-stacked-on-mobile\" style=\"grid-template-columns:25% auto\"><figure class=\"wp-block-media-text__media\"><img loading=\"lazy\" decoding=\"async\" width=\"681\" height=\"1024\" src=\"https:\/\/digilumin.com\/wp-content\/uploads\/2025\/10\/Felix-Foto-681x1024.jpg\" alt=\"\" class=\"wp-image-585 size-full\" srcset=\"https:\/\/digilumin.com\/wp-content\/uploads\/2025\/10\/Felix-Foto-681x1024.jpg 681w, https:\/\/digilumin.com\/wp-content\/uploads\/2025\/10\/Felix-Foto-200x300.jpg 200w, https:\/\/digilumin.com\/wp-content\/uploads\/2025\/10\/Felix-Foto-768x1154.jpg 768w, https:\/\/digilumin.com\/wp-content\/uploads\/2025\/10\/Felix-Foto-1022x1536.jpg 1022w, https:\/\/digilumin.com\/wp-content\/uploads\/2025\/10\/Felix-Foto-1362x2048.jpg 1362w, https:\/\/digilumin.com\/wp-content\/uploads\/2025\/10\/Felix-Foto-8x12.jpg 8w, https:\/\/digilumin.com\/wp-content\/uploads\/2025\/10\/Felix-Foto-scaled.jpg 1703w\" sizes=\"auto, (max-width: 681px) 100vw, 681px\" \/><\/figure><div class=\"wp-block-media-text__content\">\n<h4 class=\"wp-block-heading has-big-font-size\" style=\"padding-top:var(--wp--preset--spacing--20);padding-bottom:var(--wp--preset--spacing--20)\">Felix Brown<\/h4>\n\n\n\n<h5 class=\"wp-block-heading has-normal-font-size\">CEO | SEO &amp; SEA | Gr\u00fcnder<\/h5>\n\n\n\n<p>Unser Gr\u00fcnder, Absolvent der Universit\u00e4t Oxford, startete 2010 seine Karriere im Online-Marketing, angetrieben von seiner Leidenschaft f\u00fcr digitale Innovationen. Im Laufe der Jahre verfeinerte Felix seine F\u00e4higkeiten und sein Fachwissen und spezialisierte sich auf SEO- und SEA-Strategien, die greifbare Ergebnisse liefern. Mit seiner Google-Zertifizierung und seiner umfassenden Erfahrung im B2C- und B2B-Bereich bringt er umfassendes Wissen und fundiertes Wissen in jedes Projekt ein. Mit seinem Anspruch, immer einen Schritt voraus zu sein und unerm\u00fcdlich nach Exzellenz zu streben, leitet Felix unser Team bei der Entwicklung innovativer L\u00f6sungen, die den Erfolg unserer Kunden vorantreiben.<\/p>\n<\/div><\/div>\n\n\n\n<hr class=\"wp-block-separator has-alpha-channel-opacity is-style-wide is-style-wide--1\"\/>\n\n\n\n<div class=\"wp-block-media-text has-media-on-the-right is-stacked-on-mobile\" style=\"grid-template-columns:auto 25%\"><div class=\"wp-block-media-text__content\">\n<h4 class=\"wp-block-heading has-big-font-size\" style=\"padding-top:var(--wp--preset--spacing--20);padding-bottom:var(--wp--preset--spacing--20)\">Sebastian Fisher<\/h4>\n\n\n\n<h5 class=\"wp-block-heading has-normal-font-size\">Leiter Inhalt<\/h5>\n\n\n\n<p>Lernen Sie Sebastian kennen, unseren Head of Content. Seine Reise in die Welt der Worte begann mit seiner Leidenschaft f\u00fcr Literatur, die er w\u00e4hrend seines Literaturstudiums entwickelte. Als talentierter Autor und Dichter bringt Sebastian eine einzigartige Mischung aus Kreativit\u00e4t und Expertise in unser Team ein. Mit langj\u00e4hriger Erfahrung im Schreiben und Ver\u00f6ffentlichen von Inhalten hat Sebastian mit einem breiten Kundenspektrum zusammengearbeitet, von Affiliate-Marketing-Unternehmen bis hin zu innovativen Kryptoprojekten. Sein scharfes Gesp\u00fcr f\u00fcrs Geschichtenerz\u00e4hlen und sein tiefes Sprachverst\u00e4ndnis erm\u00f6glichen es ihm, fesselnde Geschichten zu schreiben, die das Publikum fesseln und Ergebnisse erzielen. Als zentrales Mitglied unseres Teams leitet Sebastian unsere Content-Bem\u00fchungen mit dem Anspruch auf Exzellenz und dem Engagement, wirkungsvolle Inhalte zu liefern, die die Zielgruppen unserer Kunden ansprechen.<\/p>\n<\/div><figure class=\"wp-block-media-text__media\"><img loading=\"lazy\" decoding=\"async\" width=\"433\" height=\"433\" src=\"https:\/\/digilumin.com\/wp-content\/uploads\/2024\/03\/Sebastian.png\" alt=\"Digilumin Sebastian\" class=\"wp-image-373 size-full\" srcset=\"https:\/\/digilumin.com\/wp-content\/uploads\/2024\/03\/Sebastian.png 433w, https:\/\/digilumin.com\/wp-content\/uploads\/2024\/03\/Sebastian-300x300.png 300w, https:\/\/digilumin.com\/wp-content\/uploads\/2024\/03\/Sebastian-150x150.png 150w\" sizes=\"auto, (max-width: 433px) 100vw, 433px\" \/><\/figure><\/div>\n\n\n\n<hr class=\"wp-block-separator has-alpha-channel-opacity is-style-wide is-style-wide--2\"\/>\n\n\n\n<div class=\"wp-block-media-text is-stacked-on-mobile\" style=\"grid-template-columns:25% auto\"><figure class=\"wp-block-media-text__media\"><img loading=\"lazy\" decoding=\"async\" width=\"1280\" height=\"1890\" src=\"https:\/\/digilumin.com\/wp-content\/uploads\/2024\/03\/Diana.jpg\" alt=\"\" class=\"wp-image-378 size-full\" srcset=\"https:\/\/digilumin.com\/wp-content\/uploads\/2024\/03\/Diana.jpg 1280w, https:\/\/digilumin.com\/wp-content\/uploads\/2024\/03\/Diana-203x300.jpg 203w, https:\/\/digilumin.com\/wp-content\/uploads\/2024\/03\/Diana-694x1024.jpg 694w, https:\/\/digilumin.com\/wp-content\/uploads\/2024\/03\/Diana-768x1134.jpg 768w, https:\/\/digilumin.com\/wp-content\/uploads\/2024\/03\/Diana-1040x1536.jpg 1040w\" sizes=\"auto, (max-width: 1280px) 100vw, 1280px\" \/><\/figure><div class=\"wp-block-media-text__content\">\n<h4 class=\"wp-block-heading has-big-font-size\" style=\"padding-top:var(--wp--preset--spacing--20);padding-bottom:var(--wp--preset--spacing--20)\">Diana Cubrilo<\/h4>\n\n\n\n<h5 class=\"wp-block-heading has-normal-font-size\">Leitende UX-Designerin<\/h5>\n\n\n\n<p>Lernen Sie Diana Cubrilo kennen, unsere leitende UX-Designerin. Ihr Weg ins User Experience Design verbindet literarischen Hintergrund mit der Leidenschaft f\u00fcr die Gestaltung nahtloser digitaler Erlebnisse. Dank ihrer Expertise in Projekten wie Match4Action ist Diana hervorragend in den Bereichen Nutzerforschung, Prototyping und Probleml\u00f6sung. Ihre Beitr\u00e4ge erstrecken sich auf vielf\u00e4ltige Projekte, von der Hotellerie bis hin zum Design von Airline-Apps, wo sie sich mit Wettbewerbsanalysen und Usability-Tests auskennt. Dianas sorgf\u00e4ltige Herangehensweise und ihr Engagement f\u00fcr das Verst\u00e4ndnis der Nutzerbed\u00fcrfnisse gew\u00e4hrleisten innovative L\u00f6sungen, die die Nutzerzufriedenheit in den Vordergrund stellen. Als wichtiges Mitglied unseres Teams bringt sie Kreativit\u00e4t, Einf\u00fchlungsverm\u00f6gen und Expertise in jedes Projekt ein und liefert au\u00dfergew\u00f6hnliche Designl\u00f6sungen, die beim Publikum Anklang finden.<\/p>\n<\/div><\/div>\n\n\n\n<hr class=\"wp-block-separator has-alpha-channel-opacity is-style-wide is-style-wide--3\"\/>\n\n\n\n<div class=\"wp-block-media-text has-media-on-the-right is-stacked-on-mobile\" style=\"grid-template-columns:auto 25%\"><div class=\"wp-block-media-text__content\">\n<h4 class=\"wp-block-heading has-big-font-size\" style=\"padding-top:var(--wp--preset--spacing--20);padding-bottom:var(--wp--preset--spacing--20)\">Peter Davies<\/h4>\n\n\n\n<h5 class=\"wp-block-heading has-normal-font-size\">Social-Media-Marketing | Suchmaschinenoptimierung | Content-Erstellung<\/h5>\n\n\n\n<p>Lernen Sie Peter Davies kennen, unseren Social-Media-Marketing-Experten. Seine Kompetenzen umfassen Content-Erstellung und Datenanalyse. Mit seinem H\u00e4ndchen f\u00fcr \u00fcberzeugende Storys und die Nutzung von Dateneinblicken entwickelt Peter herausragende Social-Media-Strategien, die Engagement und Conversions f\u00f6rdern. Seine Expertise erstreckt sich \u00fcber verschiedene Plattformen, wobei er Analysen nutzt, um die Kampagnenleistung zu optimieren und messbare Ergebnisse zu erzielen. Von der Content-Erstellung bis zum Performance-Tracking stellt Peters strategischer Ansatz sicher, dass jede Social-Media-Kampagne auf die Ziele unserer Kunden zugeschnitten ist und ihre Zielgruppe anspricht. Als gesch\u00e4tztes Mitglied unseres Teams bringt Peter Kreativit\u00e4t, analytisches Geschick und eine Leidenschaft f\u00fcr Social Media in jedes Projekt ein und liefert au\u00dfergew\u00f6hnliche Ergebnisse, die die Online-Pr\u00e4senz unserer Kunden st\u00e4rken.<\/p>\n<\/div><figure class=\"wp-block-media-text__media\"><img loading=\"lazy\" decoding=\"async\" width=\"2149\" height=\"2560\" src=\"https:\/\/digilumin.com\/wp-content\/uploads\/2024\/04\/Peter-Davies-scaled.jpg\" alt=\"\" class=\"wp-image-381 size-full\" srcset=\"https:\/\/digilumin.com\/wp-content\/uploads\/2024\/04\/Peter-Davies-scaled.jpg 2149w, https:\/\/digilumin.com\/wp-content\/uploads\/2024\/04\/Peter-Davies-252x300.jpg 252w\" sizes=\"auto, (max-width: 2149px) 100vw, 2149px\" \/><\/figure><\/div>\n\n\n\n<hr class=\"wp-block-separator has-alpha-channel-opacity is-style-wide is-style-wide--4\"\/>\n\n\n\n<figure class=\"wp-block-pullquote has-normal-font-size\" style=\"font-style:normal;font-weight:400\"><blockquote><p>DIGILUMIN<br>Felix Brown<br>Gro\u00dfbeerenstra\u00dfe 18<br>10963<br>Berlin<br><\/p><\/blockquote><\/figure>","protected":false},"excerpt":{"rendered":"<p>WILLKOMMEN BEI DIGILUMIN, WO EXPERTISE AUF ZUSAMMENARBEIT TRIFFT, UM IHREN WEG ZUM DIGITALEN ERFOLG ZU ERLEBEN. Gegr\u00fcndet von einem Absolventen der Universit\u00e4t Oxford mit mehr als einem Jahrzehnt Erfahrung in der Welt\u2026<\/p>","protected":false},"author":1,"featured_media":323,"parent":0,"menu_order":0,"comment_status":"closed","ping_status":"closed","template":"","meta":{"footnotes":""},"class_list":["post-371","page","type-page","status-publish","has-post-thumbnail","hentry"],"brizy_media":[],"_links":{"self":[{"href":"https:\/\/digilumin.com\/de\/wp-json\/wp\/v2\/pages\/371","targetHints":{"allow":["GET"]}}],"collection":[{"href":"https:\/\/digilumin.com\/de\/wp-json\/wp\/v2\/pages"}],"about":[{"href":"https:\/\/digilumin.com\/de\/wp-json\/wp\/v2\/types\/page"}],"author":[{"embeddable":true,"href":"https:\/\/digilumin.com\/de\/wp-json\/wp\/v2\/users\/1"}],"replies":[{"embeddable":true,"href":"https:\/\/digilumin.com\/de\/wp-json\/wp\/v2\/comments?post=371"}],"version-history":[{"count":5,"href":"https:\/\/digilumin.com\/de\/wp-json\/wp\/v2\/pages\/371\/revisions"}],"predecessor-version":[{"id":588,"href":"https:\/\/digilumin.com\/de\/wp-json\/wp\/v2\/pages\/371\/revisions\/588"}],"wp:featuredmedia":[{"embeddable":true,"href":"https:\/\/digilumin.com\/de\/wp-json\/wp\/v2\/media\/323"}],"wp:attachment":[{"href":"https:\/\/digilumin.com\/de\/wp-json\/wp\/v2\/media?parent=371"}],"curies":[{"name":"wp","href":"https:\/\/api.w.org\/{rel}","templated":true}]}}