{"id":460,"date":"2025-04-14T16:05:05","date_gmt":"2025-04-14T14:05:05","guid":{"rendered":"https:\/\/digilumin.com\/?page_id=460"},"modified":"2025-04-18T16:36:00","modified_gmt":"2025-04-18T14:36:00","slug":"smm-social-media-marketing","status":"publish","type":"page","link":"https:\/\/digilumin.com\/de\/smm-social-media-marketing\/","title":{"rendered":"Social-Media-Marketing:"},"content":{"rendered":"<div class=\"wp-block-media-text is-stacked-on-mobile\" style=\"grid-template-columns:20% auto\"><figure class=\"wp-block-media-text__media\"><img loading=\"lazy\" decoding=\"async\" width=\"657\" height=\"657\" src=\"https:\/\/digilumin.com\/wp-content\/uploads\/2023\/12\/Digilumin-Gif.gif\" alt=\"Digilumin Online Marketing Logo Gif\" class=\"wp-image-62 size-full\"\/><\/figure><div class=\"wp-block-media-text__content\">\n<h2 class=\"wp-block-heading has-normal-font-size\">Mit den SMM-Diensten von Digilumin profitieren Sie von:<\/h2>\n\n\n\n<ul class=\"wp-block-list\">\n<li>Erh\u00f6hte Markensichtbarkeit und Bekanntheit auf allen Social-Media-Plattformen<br><br><\/li>\n\n\n\n<li>Ansprechende Inhalte, die bei Ihrem Publikum Anklang finden und die Interaktion f\u00f6rdern<br><br><\/li>\n\n\n\n<li>Gezielte Werbekampagnen, die das richtige Publikum zur richtigen Zeit erreichen<br><br><\/li>\n\n\n\n<li>Sinnvolle Beziehungen und Interaktionen mit Ihren Followern<br><br><\/li>\n\n\n\n<li>Messbare Ergebnisse und umsetzbare Erkenntnisse als Grundlage f\u00fcr zuk\u00fcnftige Inhalte, Strategien und Optimierungsbem\u00fchungen<\/li>\n<\/ul>\n<\/div><\/div>\n\n\n\n<hr class=\"wp-block-separator has-alpha-channel-opacity\" style=\"margin-top:var(--wp--preset--spacing--50);margin-bottom:var(--wp--preset--spacing--50)\"\/>\n\n\n\n<h3 class=\"wp-block-heading has-text-align-center\"><strong><mark style=\"background-color:rgba(0, 0, 0, 0)\" class=\"has-inline-color has-primary-color\">Likes, Leads, Loyalit\u00e4t!<\/mark><\/strong><\/h3>\n\n\n\n<div class=\"wp-block-media-text has-media-on-the-right is-stacked-on-mobile is-image-fill-element\" style=\"grid-template-columns:auto 31%\" id=\"sea\"><div class=\"wp-block-media-text__content\">\n<p>Unser SMM-Service ist ein leistungsstarkes Tool, um die Pr\u00e4senz und das Engagement Ihrer Marke auf allen relevanten Social-Media-Plattformen zu verst\u00e4rken. Mit Milliarden aktiver Nutzer auf Plattformen wie Facebook, Instagram, TikTok, Twitter, LinkedIn und weiteren bietet Social-Media-Marketing beispiellose M\u00f6glichkeiten, mit Ihrem Publikum in Kontakt zu treten, Beziehungen aufzubauen und das Unternehmenswachstum voranzutreiben.<\/p>\n\n\n\n<p>Unsere SMM-Experten nutzen die Macht der sozialen Medien, um wirkungsvolle organische und bezahlte Marketingkampagnen zu entwickeln, die Ihre Zielgruppe ansprechen und aussagekr\u00e4ftige Ergebnisse erzielen. Hier ist ein \u00dcberblick \u00fcber unseren SMM-Service:<\/p>\n\n\n\n<ol class=\"wp-block-list\">\n<li><mark style=\"background-color:rgba(0, 0, 0, 0)\" class=\"has-inline-color has-primary-color\"><strong>Entwicklung einer Social-Media-Strategie:<\/strong> <\/mark><br>Wir arbeiten eng mit Ihnen zusammen, um eine umfassende Social-Media-Strategie zu entwickeln, die auf Ihre Gesch\u00e4ftsziele abgestimmt ist. Dazu geh\u00f6rt die Identifizierung Ihrer Zielgruppe, die Definition von Kernbotschaften, Branding und Themen sowie die Auswahl der am besten geeigneten Social-Media-Plattformen f\u00fcr Ihr Produkt.<br><br><\/li>\n\n\n\n<li><strong><mark style=\"background-color:rgba(0, 0, 0, 0)\" class=\"has-inline-color has-primary-color\">Erstellung und Kuratierung von Inhalten:<\/mark><\/strong> <br>Unser Team erstellt \u00fcberzeugende und ansprechende Inhalte, die auf jede Social-Media-Plattform zugeschnitten sind \u2013 darunter Beitr\u00e4ge, Bilder, Videos und mehr. Wir konzentrieren uns darauf, Inhalte zu liefern, die Ihr Publikum ansprechen, Gespr\u00e4che anregen und zur Interaktion und zum Teilen anregen.<br><br><\/li>\n\n\n\n<li><strong><mark style=\"background-color:rgba(0, 0, 0, 0)\" class=\"has-inline-color has-primary-color\">Werbung in sozialen Medien:<\/mark><\/strong> <br>Wir nutzen bezahlte Werbung auf Social-Media-Plattformen, um Ihre Reichweite zu erh\u00f6hen, spezifische Zielgruppen anzusprechen und Conversions zu steigern. Unser Team erstellt und optimiert zielgerichtete Werbekampagnen, die messbare Ergebnisse liefern \u2013 sei es durch mehr Website-Traffic, Leadgenerierung oder Umsatzsteigerung.<br><br><\/li>\n\n\n\n<li><mark style=\"background-color:rgba(0, 0, 0, 0)\" class=\"has-inline-color has-primary-color\"><strong>Community-Management:<\/strong> <\/mark><br>Wir interagieren aktiv mit Ihrem Publikum in den sozialen Medien und reagieren zeitnah und professionell auf Kommentare, Nachrichten und Erw\u00e4hnungen. Indem wir das Gemeinschaftsgef\u00fchl f\u00f6rdern und Beziehungen zu Ihren Followern aufbauen, st\u00e4rken wir die Markentreue und -f\u00fcrsprache.<br><br><\/li>\n\n\n\n<li><mark style=\"background-color:rgba(0, 0, 0, 0)\" class=\"has-inline-color has-primary-color\"><strong>Social Media-Analyse und -Berichterstattung:<\/strong> <\/mark><br>Wir erfassen und analysieren wichtige Leistungskennzahlen Ihrer Social-Media-Kan\u00e4le, um die Effektivit\u00e4t Ihrer Kampagnen zu messen. Von Engagement-Kennzahlen wie Likes, Shares und Kommentaren bis hin zu Conversion-Kennzahlen wie Klickrate (CTR) und Conversion-Rate \u2013 wir erstellen transparente Berichte, die Ihnen helfen, die Wirkung Ihrer Social-Media-Aktivit\u00e4ten zu verstehen.<\/li>\n<\/ol>\n<\/div><figure class=\"wp-block-media-text__media\"><img loading=\"lazy\" decoding=\"async\" width=\"691\" height=\"1024\" src=\"https:\/\/digilumin.com\/wp-content\/uploads\/2023\/12\/connectivity-image-z-in-691x1024.png\" alt=\"Digilumin Social Media Phone\" class=\"wp-image-80 size-full\" style=\"object-position:50% 50%\" srcset=\"https:\/\/digilumin.com\/wp-content\/uploads\/2023\/12\/connectivity-image-z-in-691x1024.png 691w, https:\/\/digilumin.com\/wp-content\/uploads\/2023\/12\/connectivity-image-z-in-202x300.png 202w, https:\/\/digilumin.com\/wp-content\/uploads\/2023\/12\/connectivity-image-z-in-768x1138.png 768w, https:\/\/digilumin.com\/wp-content\/uploads\/2023\/12\/connectivity-image-z-in.png 896w\" sizes=\"auto, (max-width: 691px) 100vw, 691px\" \/><\/figure><\/div>\n\n\n\n<div class=\"wp-block-group is-content-justification-center is-nowrap is-layout-flex wp-container-core-group-is-layout-23441af8 wp-block-group-is-layout-flex\">\n<div class=\"wp-block-buttons is-content-justification-center is-layout-flex wp-container-core-buttons-is-layout-a89b3969 wp-block-buttons-is-layout-flex\">\n<div class=\"wp-block-button\"><a class=\"wp-block-button__link wp-element-button\" href=\"https:\/\/digilumin.com\/#contact\" style=\"padding-top:var(--wp--preset--spacing--50);padding-right:var(--wp--preset--spacing--50);padding-bottom:var(--wp--preset--spacing--50);padding-left:var(--wp--preset--spacing--50)\"><strong>Kostenlose Beratung f\u00fcr Ihr Unternehmen<\/strong><\/a><\/div>\n<\/div>\n<\/div>\n\n\n\n<p><\/p>","protected":false},"excerpt":{"rendered":"<p>Likes, Leads, Loyalit\u00e4t!<\/p>","protected":false},"author":1,"featured_media":0,"parent":0,"menu_order":0,"comment_status":"closed","ping_status":"closed","template":"","meta":{"footnotes":""},"class_list":["post-460","page","type-page","status-publish","hentry"],"brizy_media":[],"_links":{"self":[{"href":"https:\/\/digilumin.com\/de\/wp-json\/wp\/v2\/pages\/460","targetHints":{"allow":["GET"]}}],"collection":[{"href":"https:\/\/digilumin.com\/de\/wp-json\/wp\/v2\/pages"}],"about":[{"href":"https:\/\/digilumin.com\/de\/wp-json\/wp\/v2\/types\/page"}],"author":[{"embeddable":true,"href":"https:\/\/digilumin.com\/de\/wp-json\/wp\/v2\/users\/1"}],"replies":[{"embeddable":true,"href":"https:\/\/digilumin.com\/de\/wp-json\/wp\/v2\/comments?post=460"}],"version-history":[{"count":6,"href":"https:\/\/digilumin.com\/de\/wp-json\/wp\/v2\/pages\/460\/revisions"}],"predecessor-version":[{"id":535,"href":"https:\/\/digilumin.com\/de\/wp-json\/wp\/v2\/pages\/460\/revisions\/535"}],"wp:attachment":[{"href":"https:\/\/digilumin.com\/de\/wp-json\/wp\/v2\/media?parent=460"}],"curies":[{"name":"wp","href":"https:\/\/api.w.org\/{rel}","templated":true}]}}