{"id":468,"date":"2025-04-14T16:20:45","date_gmt":"2025-04-14T14:20:45","guid":{"rendered":"https:\/\/digilumin.com\/?page_id=468"},"modified":"2025-04-18T16:45:55","modified_gmt":"2025-04-18T14:45:55","slug":"content","status":"publish","type":"page","link":"https:\/\/digilumin.com\/de\/content\/","title":{"rendered":"Inhaltserstellung"},"content":{"rendered":"<div class=\"wp-block-media-text is-stacked-on-mobile\" style=\"grid-template-columns:20% auto\"><figure class=\"wp-block-media-text__media\"><img loading=\"lazy\" decoding=\"async\" width=\"657\" height=\"657\" src=\"https:\/\/digilumin.com\/wp-content\/uploads\/2023\/12\/Digilumin-Gif.gif\" alt=\"Digilumin Online Marketing Logo Gif\" class=\"wp-image-62 size-full\"\/><\/figure><div class=\"wp-block-media-text__content\">\n<h2 class=\"wp-block-heading has-normal-font-size\">Mit den Content-Creation-Diensten von Digilumin profitieren Sie von:<\/h2>\n\n\n\n<ul class=\"wp-block-list\">\n<li>Hochwertiger, ansprechender Inhalt, der bei Ihrem Publikum Anklang findet und zum Handeln anregt<br><br><\/li>\n\n\n\n<li>Verbesserte Markensichtbarkeit und Glaubw\u00fcrdigkeit online<br><br><\/li>\n\n\n\n<li>Verbesserte SEO-Leistung und erh\u00f6hter organischer Verkehr<br><br><\/li>\n\n\n\n<li>St\u00e4rkeres Engagement und Interaktion des Publikums \u00fcber digitale Kan\u00e4le hinweg<br><br><\/li>\n\n\n\n<li>Messbare Ergebnisse und umsetzbare Erkenntnisse als Grundlage f\u00fcr zuk\u00fcnftige Content-Strategien und Optimierungsbem\u00fchungen<\/li>\n<\/ul>\n<\/div><\/div>\n\n\n\n<hr class=\"wp-block-separator has-alpha-channel-opacity\" style=\"margin-top:var(--wp--preset--spacing--50);margin-bottom:var(--wp--preset--spacing--50)\"\/>\n\n\n\n<h3 class=\"wp-block-heading has-text-align-center\"><strong><mark style=\"background-color:rgba(0, 0, 0, 0)\" class=\"has-inline-color has-primary-color\">Gestalten, fesseln, konvertieren!<\/mark><\/strong><\/h3>\n\n\n\n<div class=\"wp-block-media-text has-media-on-the-right is-stacked-on-mobile is-image-fill-element\" style=\"grid-template-columns:auto 30%\" id=\"sea\"><div class=\"wp-block-media-text__content\">\n<p>Wir sind \u00fcberzeugt, dass \u00fcberzeugende und wertvolle Inhalte das Herzst\u00fcck jeder erfolgreichen digitalen Marketingstrategie bilden. Unser Content-Erstellungsservice konzentriert sich auf die Erstellung hochwertiger, ansprechender Inhalte, die Ihre Zielgruppe ansprechen und zu aussagekr\u00e4ftigen Ergebnissen f\u00fcr Ihr Unternehmen f\u00fchren.<\/p>\n\n\n\n<p>Hier ist ein \u00dcberblick \u00fcber unseren Service zur Inhaltserstellung:<\/p>\n\n\n\n<ol class=\"wp-block-list\">\n<li><mark style=\"background-color:rgba(0, 0, 0, 0)\" class=\"has-inline-color has-primary-color\"><strong>Entwicklung einer Inhaltsstrategie:<\/strong> <\/mark><br>Wir entwickeln zun\u00e4chst eine umfassende Content-Strategie, die auf Ihre Gesch\u00e4ftsziele und Ihre Zielgruppe zugeschnitten ist. Unser erfahrenes Team f\u00fchrt gr\u00fcndliche Recherchen durch, um die Themen, Inhalte und Formate zu identifizieren, die Ihre Zielgruppe am besten ansprechen und zu Ihrer Markenbotschaft passen.<br><br><\/li>\n\n\n\n<li><mark style=\"background-color:rgba(0, 0, 0, 0)\" class=\"has-inline-color has-primary-color\"><strong>Ideenfindung und Planung von Inhalten:<\/strong> <\/mark><br>Wir entwickeln gemeinsam mit Ihnen kreative und innovative Content-Ideen, die Ihr Fachwissen pr\u00e4sentieren, die Bed\u00fcrfnisse Ihrer Zielgruppe ansprechen und optimalen Mehrwert bieten. Von Blogbeitr\u00e4gen und Artikeln bis hin zu Infografiken und vielem mehr \u2013 wir entwickeln Ideen, die Aufmerksamkeit erregen und zum Handeln anregen.<br><br><\/li>\n\n\n\n<li><strong><mark style=\"background-color:rgba(0, 0, 0, 0)\" class=\"has-inline-color has-primary-color\">Erstellung und Produktion von Inhalten:<\/mark><\/strong> <br>Unsere erfahrenen Autoren, Designer und Multimedia-Spezialisten erwecken Ihre Content-Ideen mit Professionalit\u00e4t und Kreativit\u00e4t zum Leben. Ob es um die Erstellung \u00fcberzeugender Blogbeitr\u00e4ge, die Gestaltung auff\u00e4lliger Infografiken oder die Produktion ansprechender Videos geht \u2013 wir sorgen f\u00fcr h\u00f6chste Qualit\u00e4t Ihrer Inhalte, die perfekt zu Ihrer Marke und Ihrem Stil passen.<br><br><\/li>\n\n\n\n<li><strong><mark style=\"background-color:rgba(0, 0, 0, 0)\" class=\"has-inline-color has-primary-color\">Inhaltsoptimierung f\u00fcr SEO:<\/mark><\/strong> <br>Wir optimieren Ihre Inhalte f\u00fcr Suchmaschinen, um ihre Sichtbarkeit und Auffindbarkeit im Internet zu verbessern. Dazu geh\u00f6ren Keyword-Recherche, Onpage-Optimierung und weitere SEO-Best Practices, um sicherzustellen, dass Ihre Inhalte in den Suchergebnisseiten (SERPs) gut ranken und organischen Traffic generieren.<br><br><\/li>\n\n\n\n<li><strong><mark style=\"background-color:rgba(0, 0, 0, 0)\" class=\"has-inline-color has-primary-color\">Verbreitung und Bewerbung von Inhalten:<\/mark><\/strong> <br>Wir entwickeln einen strategischen Plan f\u00fcr die Verbreitung und Bewerbung Ihrer Inhalte \u00fcber relevante Kan\u00e4le wie Ihre Website, Social Media-Plattformen, Foren, E-Mail-Newsletter und mehr. Indem wir Ihre Zielgruppe dort erreichen, wo sie sich aufh\u00e4lt, maximieren wir die Reichweite und Wirkung Ihrer Inhalte und f\u00f6rdern Engagement und Conversions.<br><br><\/li>\n\n\n\n<li><strong><mark style=\"background-color:rgba(0, 0, 0, 0)\" class=\"has-inline-color has-primary-color\">Verfolgung und Analyse der Inhaltsleistung:<\/mark><\/strong> <br>Wir verfolgen und analysieren die Performance Ihrer Inhalte anhand von Kennzahlen wie Seitenaufrufen, Engagement und Conversion-Raten. Indem wir beobachten, wie Ihr Publikum mit Ihren Inhalten interagiert, gewinnen wir wertvolle Erkenntnisse dar\u00fcber, was am besten ankommt, und verfeinern unsere Content-Strategie kontinuierlich f\u00fcr optimale Ergebnisse.<\/li>\n<\/ol>\n<\/div><figure class=\"wp-block-media-text__media\"><img loading=\"lazy\" decoding=\"async\" width=\"1024\" height=\"682\" src=\"https:\/\/digilumin.com\/wp-content\/uploads\/2024\/03\/concept-1868728_1280-1024x682.jpg\" alt=\"Digilumin - Ideation\" class=\"wp-image-348 size-large\" style=\"object-position:31% 35%\" srcset=\"https:\/\/digilumin.com\/wp-content\/uploads\/2024\/03\/concept-1868728_1280-1024x682.jpg 1024w, https:\/\/digilumin.com\/wp-content\/uploads\/2024\/03\/concept-1868728_1280-300x200.jpg 300w, https:\/\/digilumin.com\/wp-content\/uploads\/2024\/03\/concept-1868728_1280-768x512.jpg 768w, https:\/\/digilumin.com\/wp-content\/uploads\/2024\/03\/concept-1868728_1280.jpg 1280w\" sizes=\"auto, (max-width: 1024px) 100vw, 1024px\" \/><\/figure><\/div>\n\n\n\n<div class=\"wp-block-group is-content-justification-center is-nowrap is-layout-flex wp-container-core-group-is-layout-23441af8 wp-block-group-is-layout-flex\">\n<div class=\"wp-block-buttons is-content-justification-center is-layout-flex wp-container-core-buttons-is-layout-a89b3969 wp-block-buttons-is-layout-flex\">\n<div class=\"wp-block-button\"><a class=\"wp-block-button__link wp-element-button\" href=\"https:\/\/digilumin.com\/#contact\" style=\"padding-top:var(--wp--preset--spacing--50);padding-right:var(--wp--preset--spacing--50);padding-bottom:var(--wp--preset--spacing--50);padding-left:var(--wp--preset--spacing--50)\"><strong>Kostenlose Beratung f\u00fcr Ihr Unternehmen<\/strong><\/a><\/div>\n<\/div>\n<\/div>\n\n\n\n<p><\/p>","protected":false},"excerpt":{"rendered":"<p>Gestalten, fesseln, konvertieren!<\/p>","protected":false},"author":1,"featured_media":0,"parent":0,"menu_order":0,"comment_status":"closed","ping_status":"closed","template":"","meta":{"footnotes":""},"class_list":["post-468","page","type-page","status-publish","hentry"],"brizy_media":[],"_links":{"self":[{"href":"https:\/\/digilumin.com\/de\/wp-json\/wp\/v2\/pages\/468","targetHints":{"allow":["GET"]}}],"collection":[{"href":"https:\/\/digilumin.com\/de\/wp-json\/wp\/v2\/pages"}],"about":[{"href":"https:\/\/digilumin.com\/de\/wp-json\/wp\/v2\/types\/page"}],"author":[{"embeddable":true,"href":"https:\/\/digilumin.com\/de\/wp-json\/wp\/v2\/users\/1"}],"replies":[{"embeddable":true,"href":"https:\/\/digilumin.com\/de\/wp-json\/wp\/v2\/comments?post=468"}],"version-history":[{"count":5,"href":"https:\/\/digilumin.com\/de\/wp-json\/wp\/v2\/pages\/468\/revisions"}],"predecessor-version":[{"id":544,"href":"https:\/\/digilumin.com\/de\/wp-json\/wp\/v2\/pages\/468\/revisions\/544"}],"wp:attachment":[{"href":"https:\/\/digilumin.com\/de\/wp-json\/wp\/v2\/media?parent=468"}],"curies":[{"name":"wp","href":"https:\/\/api.w.org\/{rel}","templated":true}]}}