{"id":480,"date":"2025-04-18T13:22:51","date_gmt":"2025-04-18T11:22:51","guid":{"rendered":"https:\/\/digilumin.com\/?page_id=480"},"modified":"2025-04-18T16:39:05","modified_gmt":"2025-04-18T14:39:05","slug":"ux-design","status":"publish","type":"page","link":"https:\/\/digilumin.com\/de\/ux-design\/","title":{"rendered":"Benutzererfahrung:"},"content":{"rendered":"<div class=\"wp-block-media-text is-stacked-on-mobile\" style=\"grid-template-columns:20% auto\"><figure class=\"wp-block-media-text__media\"><img loading=\"lazy\" decoding=\"async\" width=\"657\" height=\"657\" src=\"https:\/\/digilumin.com\/wp-content\/uploads\/2023\/12\/Digilumin-Gif.gif\" alt=\"Digilumin Online Marketing Logo Gif\" class=\"wp-image-62 size-full\"\/><\/figure><div class=\"wp-block-media-text__content\">\n<h2 class=\"wp-block-heading has-normal-font-size\">Mit den UX-Diensten von Digilumin profitieren Sie von:<\/h2>\n\n\n\n<ul class=\"wp-block-list\">\n<li>Intuitive und benutzerfreundliche digitale Produkte und Dienstleistungen, die Ihr Publikum begeistern<br><br><\/li>\n\n\n\n<li>Erh\u00f6hte Benutzerzufriedenheit und -treue durch au\u00dfergew\u00f6hnliche Benutzererlebnisse<br><br><\/li>\n\n\n\n<li>Verbesserte Konversionsraten und Gesch\u00e4ftsergebnisse durch optimiertes Design und Benutzerfreundlichkeit<br><br><\/li>\n\n\n\n<li>H\u00f6here Markenglaubw\u00fcrdigkeit und mehr Vertrauen bei Ihrem Publikum<br><br><\/li>\n\n\n\n<li>Messbare Ergebnisse und kontinuierliche Optimierung, um kontinuierliche Verbesserungen und Innovationen voranzutreiben<\/li>\n<\/ul>\n<\/div><\/div>\n\n\n\n<hr class=\"wp-block-separator has-alpha-channel-opacity\"\/>\n\n\n\n<h3 class=\"wp-block-heading has-text-align-center\"><mark style=\"background-color:rgba(0, 0, 0, 0)\" class=\"has-inline-color has-primary-color\"><strong>Intuitive Schnittstellen \u2013 Erh\u00f6hte Wirkung<\/strong>!<\/mark><\/h3>\n\n\n\n<div class=\"wp-block-media-text has-media-on-the-right is-stacked-on-mobile is-image-fill-element\" style=\"grid-template-columns:auto 31%\" id=\"sea\"><div class=\"wp-block-media-text__content\">\n<p>Wir wissen, dass au\u00dfergew\u00f6hnliche Benutzererlebnisse die Grundlage erfolgreicher digitaler Produkte und Services bilden. Unser UX-Design-Service ist darauf ausgerichtet, intuitive, ansprechende und benutzerzentrierte Erlebnisse zu schaffen, die Ihr Publikum begeistern und Ihr Gesch\u00e4ftswachstum f\u00f6rdern.<\/p>\n\n\n\n<p>Hier ist ein \u00dcberblick \u00fcber unseren UX-Design-Service:<\/p>\n\n\n\n<ol class=\"wp-block-list\">\n<li><strong><mark style=\"background-color:rgba(0, 0, 0, 0)\" class=\"has-inline-color has-primary-color\">Benutzerforschung und -analyse:<\/mark><\/strong> Wir beginnen mit einer umfassenden Nutzerforschung, um die Bed\u00fcrfnisse, Vorlieben und Verhaltensweisen Ihrer Zielgruppe zu verstehen. Durch Umfragen, Interviews, Usability-Tests und andere Methoden gewinnen wir Erkenntnisse, die in den Designprozess einflie\u00dfen und sicherstellen, dass Ihr Produkt oder Ihre Dienstleistung die Bed\u00fcrfnisse Ihrer Nutzer erf\u00fcllt.<br><\/li>\n\n\n\n<li><mark style=\"background-color:rgba(0, 0, 0, 0)\" class=\"has-inline-color has-primary-color\"><strong>Informationsarchitektur:<\/strong> <\/mark>Wir entwickeln eine klare und intuitive Informationsarchitektur, die Ihre Inhalte und Funktionen f\u00fcr Ihre Nutzer verst\u00e4ndlich organisiert. Durch die logische und effiziente Strukturierung von Informationen helfen wir Nutzern, schnell und einfach zu finden, was sie ben\u00f6tigen, und verbessern so ihr Gesamterlebnis.<br><\/li>\n\n\n\n<li><mark style=\"background-color:rgba(0, 0, 0, 0)\" class=\"has-inline-color has-primary-color\"><strong>Wireframing und Prototyping:<\/strong> <\/mark>Wir erstellen Wireframes und Prototypen, die das Layout, die Struktur und die Funktionalit\u00e4t Ihres digitalen Produkts oder Ihrer Dienstleistung visualisieren. Diese interaktiven Prototypen erm\u00f6glichen es uns, verschiedene Designkonzepte zu testen und schnell zu iterieren. So schaffen wir eine Benutzererfahrung, die Ihren Gesch\u00e4ftszielen entspricht und Ihre Nutzer begeistert.<br><\/li>\n\n\n\n<li><strong><mark style=\"background-color:rgba(0, 0, 0, 0)\" class=\"has-inline-color has-primary-color\">Visuelle Gestaltung:<\/mark><\/strong> Unser Designerteam erweckt Ihre Wireframes mit optisch ansprechenden und markengerechten Designs zum Leben. Wir konzentrieren uns auf die Entwicklung einer stimmigen und ansprechenden visuellen Identit\u00e4t, die Ihre Markenpers\u00f6nlichkeit widerspiegelt, Ihre Zielgruppe anspricht und das Nutzererlebnis insgesamt verbessert.<br><\/li>\n\n\n\n<li><strong><mark style=\"background-color:rgba(0, 0, 0, 0)\" class=\"has-inline-color has-primary-color\">Usability-Tests und Iteration:<\/mark><\/strong> Wir f\u00fchren Usability-Tests mit echten Nutzern durch, um Probleme oder Schwachstellen zu identifizieren und Feedback zum Design zu sammeln. Basierend auf den Ergebnissen der Usability-Tests iterieren wir das Design, um etwaige Probleme zu beheben und das Benutzererlebnis f\u00fcr maximale Effektivit\u00e4t zu optimieren.<br><\/li>\n\n\n\n<li><mark style=\"background-color:rgba(0, 0, 0, 0)\" class=\"has-inline-color has-primary-color\"><strong>Barrierefreiheit und inklusives Design:<\/strong> <\/mark>Wir stellen sicher, dass Ihr digitales Produkt oder Ihre Dienstleistung f\u00fcr Nutzer aller F\u00e4higkeiten zug\u00e4nglich ist, indem wir Best Practices f\u00fcr inklusives Design befolgen. Dazu geh\u00f6rt die Ber\u00fccksichtigung von Barrierefreiheitsfunktionen wie Tastaturnavigation, Screenreader-Kompatibilit\u00e4t und Farbkontrasten, damit jeder Ihr Produkt oder Ihre Dienstleistung bequem nutzen kann.<\/li>\n<\/ol>\n<\/div><figure class=\"wp-block-media-text__media\"><img loading=\"lazy\" decoding=\"async\" width=\"1440\" height=\"2560\" src=\"https:\/\/digilumin.com\/wp-content\/uploads\/2024\/03\/faizur-rehman-dJpupM4LiS4-unsplash-scaled.jpg\" alt=\"Digilumin UX Design\" class=\"wp-image-334 size-full\" style=\"object-position:67% 53%\" srcset=\"https:\/\/digilumin.com\/wp-content\/uploads\/2024\/03\/faizur-rehman-dJpupM4LiS4-unsplash-scaled.jpg 1440w, https:\/\/digilumin.com\/wp-content\/uploads\/2024\/03\/faizur-rehman-dJpupM4LiS4-unsplash-169x300.jpg 169w\" sizes=\"auto, (max-width: 1440px) 100vw, 1440px\" \/><\/figure><\/div>\n\n\n\n<div class=\"wp-block-group is-content-justification-center is-nowrap is-layout-flex wp-container-core-group-is-layout-23441af8 wp-block-group-is-layout-flex\">\n<div class=\"wp-block-buttons is-content-justification-center is-layout-flex wp-container-core-buttons-is-layout-a89b3969 wp-block-buttons-is-layout-flex\">\n<div class=\"wp-block-button\"><a class=\"wp-block-button__link wp-element-button\" href=\"https:\/\/digilumin.com\/#contact\" style=\"padding-top:var(--wp--preset--spacing--50);padding-right:var(--wp--preset--spacing--50);padding-bottom:var(--wp--preset--spacing--50);padding-left:var(--wp--preset--spacing--50)\"><strong>Kostenlose Beratung f\u00fcr Ihr Unternehmen<\/strong><\/a><\/div>\n<\/div>\n<\/div>\n\n\n\n<p><\/p>","protected":false},"excerpt":{"rendered":"<p>Intuitive Benutzeroberfl\u00e4chen \u2013 Mehr Wirkung!<\/p>","protected":false},"author":1,"featured_media":0,"parent":0,"menu_order":0,"comment_status":"closed","ping_status":"closed","template":"","meta":{"footnotes":""},"class_list":["post-480","page","type-page","status-publish","hentry"],"brizy_media":[],"_links":{"self":[{"href":"https:\/\/digilumin.com\/de\/wp-json\/wp\/v2\/pages\/480","targetHints":{"allow":["GET"]}}],"collection":[{"href":"https:\/\/digilumin.com\/de\/wp-json\/wp\/v2\/pages"}],"about":[{"href":"https:\/\/digilumin.com\/de\/wp-json\/wp\/v2\/types\/page"}],"author":[{"embeddable":true,"href":"https:\/\/digilumin.com\/de\/wp-json\/wp\/v2\/users\/1"}],"replies":[{"embeddable":true,"href":"https:\/\/digilumin.com\/de\/wp-json\/wp\/v2\/comments?post=480"}],"version-history":[{"count":5,"href":"https:\/\/digilumin.com\/de\/wp-json\/wp\/v2\/pages\/480\/revisions"}],"predecessor-version":[{"id":537,"href":"https:\/\/digilumin.com\/de\/wp-json\/wp\/v2\/pages\/480\/revisions\/537"}],"wp:attachment":[{"href":"https:\/\/digilumin.com\/de\/wp-json\/wp\/v2\/media?parent=480"}],"curies":[{"name":"wp","href":"https:\/\/api.w.org\/{rel}","templated":true}]}}