{"id":483,"date":"2025-04-18T15:14:14","date_gmt":"2025-04-18T13:14:14","guid":{"rendered":"https:\/\/digilumin.com\/?page_id=483"},"modified":"2025-04-18T16:32:14","modified_gmt":"2025-04-18T14:32:14","slug":"strategy-analysis","status":"publish","type":"page","link":"https:\/\/digilumin.com\/de\/strategy-analysis\/","title":{"rendered":"Strategie &amp; Analyse"},"content":{"rendered":"<div class=\"wp-block-media-text is-stacked-on-mobile\" style=\"grid-template-columns:20% auto\"><figure class=\"wp-block-media-text__media\"><img loading=\"lazy\" decoding=\"async\" width=\"657\" height=\"657\" src=\"https:\/\/digilumin.com\/wp-content\/uploads\/2023\/12\/Digilumin-Gif.gif\" alt=\"Digilumin Online Marketing Logo Gif\" class=\"wp-image-62 size-full\"\/><\/figure><div class=\"wp-block-media-text__content\">\n<h2 class=\"wp-block-heading has-normal-font-size\">Mit den Strategie- und Analysediensten von Digilumin profitieren Sie von:<\/h2>\n\n\n\n<ul class=\"wp-block-list\">\n<li>Informierte Entscheidungsfindung und strategische Planung basierend auf datenbasierten Erkenntnissen<br><br><\/li>\n\n\n\n<li>Klare Ziele und Vorgaben, die auf Ihre Gesch\u00e4ftspriorit\u00e4ten abgestimmt sind<br><br><\/li>\n\n\n\n<li>Kontinuierliche Leistungsverfolgung und -optimierung f\u00fcr bessere Ergebnisse<br><br><\/li>\n\n\n\n<li>Umsetzbare Erkenntnisse und Empfehlungen zur Maximierung Ihres Marketing-ROI<br><br><\/li>\n\n\n\n<li>Messbare Ergebnisse und kontinuierliche Verbesserung, um der Konkurrenz immer einen Schritt voraus zu sein<\/li>\n<\/ul>\n<\/div><\/div>\n\n\n\n<hr class=\"wp-block-separator has-alpha-channel-opacity\" style=\"margin-top:var(--wp--preset--spacing--50);margin-bottom:var(--wp--preset--spacing--50)\"\/>\n\n\n\n<h3 class=\"wp-block-heading has-text-align-center\"><strong><mark style=\"background-color:rgba(0, 0, 0, 0)\" class=\"has-inline-color has-primary-color\">Den Code des Wettbewerbs knacken!<\/mark><\/strong><\/h3>\n\n\n\n<div class=\"wp-block-media-text has-media-on-the-right is-stacked-on-mobile is-image-fill-element\" style=\"grid-template-columns:auto 31%\" id=\"sea\"><div class=\"wp-block-media-text__content\">\n<p>Wir bei Digilumin wissen, dass datenbasierte Erkenntnisse und strategische Planung f\u00fcr den Erfolg in der digitalen Landschaft unerl\u00e4sslich sind. Unser Strategie- und Analyseservice unterst\u00fctzt Unternehmen dabei, fundierte Entscheidungen zu treffen, ihre Leistung zu optimieren und ihre Marketingziele pr\u00e4zise und effizient zu erreichen.<\/p>\n\n\n\n<p>Hier ist ein \u00dcberblick \u00fcber unseren Strategie- und Analyseservice:<\/p>\n\n\n\n<ol class=\"wp-block-list\">\n<li><mark style=\"background-color:rgba(0, 0, 0, 0)\" class=\"has-inline-color has-primary-color\"><strong>Marktforschung und Wettbewerbsanalyse:<\/strong> <\/mark>Wir f\u00fchren umfassende Marktforschung und Wettbewerbsanalysen durch, um Ihre Branche, Ihre Zielgruppe und die Strategien Ihrer Wettbewerber zu verstehen. Durch Einblicke in Markttrends, Verbraucherverhalten und Wettbewerbspositionierung helfen wir Ihnen, Chancen zu erkennen und Strategien zu entwickeln, um die Konkurrenz zu \u00fcbertreffen.<br><br><\/li>\n\n\n\n<li><mark style=\"background-color:rgba(0, 0, 0, 0)\" class=\"has-inline-color has-primary-color\"><strong>Strategische Planung und Zielsetzung:<\/strong> <\/mark>Wir arbeiten eng mit Ihnen zusammen, um klare und umsetzbare strategische Pl\u00e4ne zu entwickeln, die auf Ihre Gesch\u00e4ftsziele abgestimmt sind. Ob es um die Steigerung der Markenbekanntheit, die F\u00f6rderung der Lead-Generierung oder die Verbesserung der Konversionsraten geht \u2013 wir definieren messbare Ziele und skizzieren die Strategien und Taktiken, die zu deren Erreichung erforderlich sind.<br><br><\/li>\n\n\n\n<li><strong><mark style=\"background-color:rgba(0, 0, 0, 0)\" class=\"has-inline-color has-primary-color\">Leistungsverfolgung und -messung:<\/mark><\/strong> Wir implementieren robuste Analyse- und Trackingsysteme, um die Leistung Ihrer digitalen Marketingaktivit\u00e4ten in Echtzeit zu \u00fcberwachen. Von Website-Traffic und Engagement-Kennzahlen bis hin zu Conversion-Raten und ROI \u2013 wir erfassen Key Performance Indicators (KPIs), um die Effektivit\u00e4t Ihrer Kampagnen und Initiativen zu messen.<br><br><\/li>\n\n\n\n<li><mark style=\"background-color:rgba(0, 0, 0, 0)\" class=\"has-inline-color has-primary-color\"><strong>Datenanalyse und Erkenntnisse:<\/strong> <\/mark>Wir analysieren die Daten Ihrer digitalen Marketingaktivit\u00e4ten, um wertvolle Erkenntnisse und Optimierungsm\u00f6glichkeiten zu gewinnen. Indem wir Trends, Muster und Zusammenh\u00e4nge in den Daten identifizieren, unterst\u00fctzen wir Sie dabei, datenbasierte Entscheidungen zu treffen, die zu besseren Ergebnissen f\u00fchren und Ihren Return on Investment (ROI) maximieren.<br><br><\/li>\n\n\n\n<li><mark style=\"background-color:rgba(0, 0, 0, 0)\" class=\"has-inline-color has-primary-color\"><strong>Kampagnenoptimierung und Iteration:<\/strong> <\/mark>Wir optimieren Ihre Marketingkampagnen kontinuierlich anhand von Datenerkenntnissen und Leistungsfeedback. Von der Verfeinerung der Zielgruppenansprache und der Nachrichten\u00fcbermittlung bis hin zur Anpassung von Gebotsstrategien und Anzeigenplatzierungen \u2013 wir iterieren Ihre Kampagnen, um ihre Effektivit\u00e4t zu verbessern und langfristig bessere Ergebnisse zu erzielen.<br><br><\/li>\n\n\n\n<li><mark style=\"background-color:rgba(0, 0, 0, 0)\" class=\"has-inline-color has-primary-color\"><strong>Strategische Beratung und Empfehlungen:<\/strong> <\/mark>Unsere Experten bieten Ihnen strategische Beratung und Empfehlungen, damit Sie Herausforderungen meistern, Chancen nutzen und Ihre Marketingziele langfristig erreichen. Ob es um die Verfeinerung Ihrer Botschaften, die Optimierung Ihrer Website f\u00fcr Conversions oder die Expansion in neue M\u00e4rkte geht \u2013 wir bieten Ihnen strategische Beratung, die auf Ihre individuellen Bed\u00fcrfnisse und Ziele zugeschnitten ist.<\/li>\n<\/ol>\n<\/div><figure class=\"wp-block-media-text__media\"><img loading=\"lazy\" decoding=\"async\" width=\"1024\" height=\"724\" src=\"https:\/\/digilumin.com\/wp-content\/uploads\/2024\/03\/entrepreneur-1340649_1280-1024x724.jpg\" alt=\"Digilumin Digital Strategy\" class=\"wp-image-347 size-full\" style=\"object-position:81% 82%\" srcset=\"https:\/\/digilumin.com\/wp-content\/uploads\/2024\/03\/entrepreneur-1340649_1280-1024x724.jpg 1024w, https:\/\/digilumin.com\/wp-content\/uploads\/2024\/03\/entrepreneur-1340649_1280-300x212.jpg 300w, https:\/\/digilumin.com\/wp-content\/uploads\/2024\/03\/entrepreneur-1340649_1280-768x543.jpg 768w, https:\/\/digilumin.com\/wp-content\/uploads\/2024\/03\/entrepreneur-1340649_1280.jpg 1280w\" sizes=\"auto, (max-width: 1024px) 100vw, 1024px\" \/><\/figure><\/div>\n\n\n\n<div class=\"wp-block-group is-content-justification-center is-nowrap is-layout-flex wp-container-core-group-is-layout-23441af8 wp-block-group-is-layout-flex\">\n<div class=\"wp-block-buttons is-content-justification-center is-layout-flex wp-container-core-buttons-is-layout-a89b3969 wp-block-buttons-is-layout-flex\">\n<div class=\"wp-block-button\"><a class=\"wp-block-button__link wp-element-button\" href=\"https:\/\/digilumin.com\/#contact\" style=\"padding-top:var(--wp--preset--spacing--40);padding-bottom:var(--wp--preset--spacing--40)\"><strong>Kostenlose Beratung f\u00fcr Ihr Unternehmen<\/strong><\/a><\/div>\n<\/div>\n<\/div>\n\n\n\n<p><\/p>","protected":false},"excerpt":{"rendered":"<p>Den Code des Wettbewerbs knacken!<\/p>","protected":false},"author":1,"featured_media":0,"parent":0,"menu_order":0,"comment_status":"closed","ping_status":"closed","template":"","meta":{"footnotes":""},"class_list":["post-483","page","type-page","status-publish","hentry"],"brizy_media":[],"_links":{"self":[{"href":"https:\/\/digilumin.com\/de\/wp-json\/wp\/v2\/pages\/483","targetHints":{"allow":["GET"]}}],"collection":[{"href":"https:\/\/digilumin.com\/de\/wp-json\/wp\/v2\/pages"}],"about":[{"href":"https:\/\/digilumin.com\/de\/wp-json\/wp\/v2\/types\/page"}],"author":[{"embeddable":true,"href":"https:\/\/digilumin.com\/de\/wp-json\/wp\/v2\/users\/1"}],"replies":[{"embeddable":true,"href":"https:\/\/digilumin.com\/de\/wp-json\/wp\/v2\/comments?post=483"}],"version-history":[{"count":5,"href":"https:\/\/digilumin.com\/de\/wp-json\/wp\/v2\/pages\/483\/revisions"}],"predecessor-version":[{"id":532,"href":"https:\/\/digilumin.com\/de\/wp-json\/wp\/v2\/pages\/483\/revisions\/532"}],"wp:attachment":[{"href":"https:\/\/digilumin.com\/de\/wp-json\/wp\/v2\/media?parent=483"}],"curies":[{"name":"wp","href":"https:\/\/api.w.org\/{rel}","templated":true}]}}