{"id":497,"date":"2025-04-18T15:52:50","date_gmt":"2025-04-18T13:52:50","guid":{"rendered":"https:\/\/digilumin.com\/?page_id=497"},"modified":"2025-04-18T16:23:33","modified_gmt":"2025-04-18T14:23:33","slug":"email-marketing","status":"publish","type":"page","link":"https:\/\/digilumin.com\/de\/email-marketing\/","title":{"rendered":"E-Mail-Marketing"},"content":{"rendered":"<div class=\"wp-block-media-text is-stacked-on-mobile\" style=\"grid-template-columns:20% auto\"><figure class=\"wp-block-media-text__media\"><img loading=\"lazy\" decoding=\"async\" width=\"657\" height=\"657\" src=\"https:\/\/digilumin.com\/wp-content\/uploads\/2023\/12\/Digilumin-Gif.gif\" alt=\"Digilumin Online Marketing Logo Gif\" class=\"wp-image-62 size-full\"\/><\/figure><div class=\"wp-block-media-text__content\">\n<h2 class=\"wp-block-heading has-normal-font-size\">Mit den E-Mail-Marketing-Diensten von Digilumin profitieren Sie von:<\/h2>\n\n\n\n<ul class=\"wp-block-list\">\n<li>Spannende E-Mail-Kampagnen, die Aufmerksamkeit erregen und zum Handeln anregen<br><\/li>\n\n\n\n<li>Zielgerichtete Nachrichten, die bei Ihrem Publikum Anklang finden und einen Mehrwert bieten<br><\/li>\n\n\n\n<li>Erh\u00f6htes Engagement, Lead-Generierung und Konversionsraten<br><\/li>\n\n\n\n<li>Messbare Ergebnisse und umsetzbare Erkenntnisse zur Optimierung der Kampagnenleistung<br><\/li>\n\n\n\n<li>Einhaltung von Vorschriften und Best Practices zum Schutz Ihres Rufs und zur Aufrechterhaltung des Vertrauens Ihrer Abonnenten<\/li>\n<\/ul>\n<\/div><\/div>\n\n\n\n<hr class=\"wp-block-separator has-alpha-channel-opacity\" style=\"margin-top:var(--wp--preset--spacing--50);margin-bottom:var(--wp--preset--spacing--50)\"\/>\n\n\n\n<h3 class=\"wp-block-heading has-text-align-center\"><strong><mark style=\"background-color:rgba(0, 0, 0, 0)\" class=\"has-inline-color has-primary-color\">E-Mail-Marketing:<\/mark><\/strong><\/h3>\n\n\n\n<div class=\"wp-block-media-text has-media-on-the-right is-stacked-on-mobile is-image-fill-element\" style=\"grid-template-columns:auto 31%\" id=\"sea\"><div class=\"wp-block-media-text__content\">\n<p>Wir wissen, dass E-Mail-Marketing ein hochwirksames und oft untersch\u00e4tztes Instrument ist, um Ihre Zielgruppe aufzubauen und zu binden, Leads zu pflegen und Conversions zu steigern. Unser E-Mail-Marketing-Service hilft Unternehmen, ihr volles Potenzial auszusch\u00f6pfen, mit ihren Kunden in Verbindung zu bleiben, Beziehungen zu verbessern und ihre Marketingziele zu erreichen.<\/p>\n\n\n\n<p>Hier ist ein \u00dcberblick \u00fcber unseren E-Mail-Marketing-Service:<\/p>\n\n\n\n<ol class=\"wp-block-list\">\n<li><mark style=\"background-color:rgba(0, 0, 0, 0)\" class=\"has-inline-color has-primary-color\"><strong>Strategieentwicklung:<\/strong> <\/mark>Wir arbeiten eng mit Ihnen zusammen, um eine umfassende E-Mail-Marketing-Strategie zu entwickeln, die auf Ihre Gesch\u00e4ftsziele und Ihre Zielgruppe abgestimmt ist. Ob Lead-Generierung, Kundenbindung oder Verkaufsf\u00f6rderung \u2013 wir definieren klare Ziele und skizzieren die Strategien und Taktiken, um diese per E-Mail zu erreichen.<br><br><\/li>\n\n\n\n<li><mark style=\"background-color:rgba(0, 0, 0, 0)\" class=\"has-inline-color has-primary-color\"><strong>Listenaufbau und -segmentierung:<\/strong> <\/mark>Wir unterst\u00fctzen Sie beim Aufbau und der Segmentierung Ihrer E-Mail-Listen, um sicherzustellen, dass Sie die richtige Zielgruppe mit der richtigen Botschaft ansprechen. Durch die Segmentierung Ihrer Zielgruppe nach demografischen Merkmalen, Interessen, Kaufhistorie und anderen Faktoren passen wir Ihre E-Mail-Kampagnen so an, dass sie relevante und personalisierte Inhalte liefern, die Ihre Abonnenten ansprechen.<br><br><\/li>\n\n\n\n<li><mark style=\"background-color:rgba(0, 0, 0, 0)\" class=\"has-inline-color has-primary-color\"><strong>Inhaltserstellung und Design:<\/strong> <\/mark>Wir erstellen ansprechende und visuell ansprechende E-Mail-Kampagnen, die Aufmerksamkeit erregen und zum Handeln anregen. Von \u00fcberzeugenden Betreffzeilen und \u00fcberzeugenden Texten bis hin zu auff\u00e4lligen Grafiken und klaren Handlungsaufforderungen (CTAs) gestalten wir E-Mails, die Ihre Abonnenten zum \u00d6ffnen, Lesen, Klicken und Konvertieren inspirieren.<br><br><\/li>\n\n\n\n<li><mark style=\"background-color:rgba(0, 0, 0, 0)\" class=\"has-inline-color has-primary-color\"><strong>Kampagnenbereitstellung und -automatisierung:<\/strong> <\/mark>Wir setzen Ihre E-Mail-Kampagnen mit pr\u00e4zisem Timing und hoher Frequenz ein, um Engagement und Ergebnisse zu maximieren. Ob Newsletter, Werbeangebote oder automatisierte Drip-Kampagnen \u2013 wir sorgen daf\u00fcr, dass Ihre E-Mails die Postf\u00e4cher Ihrer Abonnenten zum richtigen Zeitpunkt erreichen und an jedem Kontaktpunkt Mehrwert bieten.<br><br><\/li>\n\n\n\n<li><mark style=\"background-color:rgba(0, 0, 0, 0)\" class=\"has-inline-color has-primary-color\"><strong>Leistungsverfolgung und -analyse:<\/strong> <\/mark>Wir verfolgen und analysieren die Leistung Ihrer E-Mail-Kampagnen anhand wichtiger Kennzahlen wie \u00d6ffnungsraten, Klickraten, Konversionsraten und mehr. Durch die Echtzeit\u00fcberwachung der Kampagnenleistung erhalten wir Einblicke in Erfolge und Misserfolge und k\u00f6nnen Ihre Kampagnen optimieren, um bessere Ergebnisse zu erzielen.<br><br><\/li>\n\n\n\n<li><mark style=\"background-color:rgba(0, 0, 0, 0)\" class=\"has-inline-color has-primary-color\"><strong>Liste Hygiene und Compliance:<\/strong> <\/mark>Wir stellen sicher, dass Ihre E-Mail-Marketing-Praktiken den relevanten Vorschriften wie dem CAN-SPAM Act und der DSGVO entsprechen, um Ihren Ruf zu sch\u00fctzen und das Vertrauen Ihrer Abonnenten zu wahren. Wir unterst\u00fctzen Sie au\u00dferdem dabei, eine saubere und \u00fcbersichtliche E-Mail-Liste zu pflegen, indem wir Abmeldungen, Bounces und inaktive Abonnenten verwalten.<\/li>\n<\/ol>\n<\/div><figure class=\"wp-block-media-text__media\"><img loading=\"lazy\" decoding=\"async\" width=\"1440\" height=\"2560\" src=\"https:\/\/digilumin.com\/wp-content\/uploads\/2024\/03\/faizur-rehman-dJpupM4LiS4-unsplash-scaled.jpg\" alt=\"Digilumin UX Design\" class=\"wp-image-334 size-full\" style=\"object-position:67% 53%\" srcset=\"https:\/\/digilumin.com\/wp-content\/uploads\/2024\/03\/faizur-rehman-dJpupM4LiS4-unsplash-scaled.jpg 1440w, https:\/\/digilumin.com\/wp-content\/uploads\/2024\/03\/faizur-rehman-dJpupM4LiS4-unsplash-169x300.jpg 169w\" sizes=\"auto, (max-width: 1440px) 100vw, 1440px\" \/><\/figure><\/div>\n\n\n\n<div class=\"wp-block-group is-content-justification-center is-nowrap is-layout-flex wp-container-core-group-is-layout-23441af8 wp-block-group-is-layout-flex\">\n<div class=\"wp-block-buttons is-content-justification-center is-layout-flex wp-container-core-buttons-is-layout-a89b3969 wp-block-buttons-is-layout-flex\">\n<div class=\"wp-block-button\"><a class=\"wp-block-button__link wp-element-button\" href=\"https:\/\/digilumin.com\/#contact\">Kostenlose Beratung f\u00fcr Ihr Unternehmen<\/a><\/div>\n<\/div>\n<\/div>\n\n\n\n<p><\/p>","protected":false},"excerpt":{"rendered":"<p>E-Mail-Marketing:<\/p>","protected":false},"author":1,"featured_media":0,"parent":0,"menu_order":0,"comment_status":"closed","ping_status":"closed","template":"","meta":{"footnotes":""},"class_list":["post-497","page","type-page","status-publish","hentry"],"brizy_media":[],"_links":{"self":[{"href":"https:\/\/digilumin.com\/de\/wp-json\/wp\/v2\/pages\/497","targetHints":{"allow":["GET"]}}],"collection":[{"href":"https:\/\/digilumin.com\/de\/wp-json\/wp\/v2\/pages"}],"about":[{"href":"https:\/\/digilumin.com\/de\/wp-json\/wp\/v2\/types\/page"}],"author":[{"embeddable":true,"href":"https:\/\/digilumin.com\/de\/wp-json\/wp\/v2\/users\/1"}],"replies":[{"embeddable":true,"href":"https:\/\/digilumin.com\/de\/wp-json\/wp\/v2\/comments?post=497"}],"version-history":[{"count":5,"href":"https:\/\/digilumin.com\/de\/wp-json\/wp\/v2\/pages\/497\/revisions"}],"predecessor-version":[{"id":526,"href":"https:\/\/digilumin.com\/de\/wp-json\/wp\/v2\/pages\/497\/revisions\/526"}],"wp:attachment":[{"href":"https:\/\/digilumin.com\/de\/wp-json\/wp\/v2\/media?parent=497"}],"curies":[{"name":"wp","href":"https:\/\/api.w.org\/{rel}","templated":true}]}}